{"id":426,"date":"2024-08-10T15:13:43","date_gmt":"2024-08-10T13:13:43","guid":{"rendered":"https:\/\/capoeiragent.com\/?page_id=426"},"modified":"2025-08-28T15:54:29","modified_gmt":"2025-08-28T13:54:29","slug":"wie-zijn-wij","status":"publish","type":"page","link":"https:\/\/capoeiragent.com\/?page_id=426","title":{"rendered":"Wie zijn wij?"},"content":{"rendered":"\n<h2 class=\"wp-block-heading alignwide has-text-align-center has-x-large-font-size\">Oorsprong<\/h2>\n\n\n\n<p class=\"has-text-align-center\">Ginga Mundo werd opgericht door<a href=\"https:\/\/www.instagram.com\/mestresabia\/?hl=en\"> <\/a><a href=\"https:\/\/www.instagram.com\/mestresabia\/?hl=en\" target=\"_blank\" rel=\"noreferrer noopener\">Mestre<\/a><a href=\"https:\/\/www.instagram.com\/mestresabia\/?hl=en\"> Sab\u00eda<\/a> en heeft filialen in Brazili\u00eb, de Verenigde Staten, Frankrijk, Duitsland, Spanje, Tsjechi\u00eb, Portugal en Belgi\u00eb<\/p>\n\n\n\n<div style=\"height:var(--wp--preset--spacing--20)\" aria-hidden=\"true\" class=\"wp-block-spacer\"><\/div>\n\n\n\n<div class=\"wp-block-columns alignwide is-layout-flex wp-container-core-columns-is-layout-b0e66f64 wp-block-columns-is-layout-flex\">\n<div class=\"wp-block-column is-layout-flow wp-block-column-is-layout-flow\">\n<figure class=\"wp-block-image size-full\"><img loading=\"lazy\" decoding=\"async\" width=\"1280\" height=\"1920\" src=\"https:\/\/capoeiragent.com\/wp-content\/uploads\/2024\/08\/mvmf3935.jpg\" alt=\"\" class=\"wp-image-566\" style=\"aspect-ratio:4\/3;object-fit:cover\" srcset=\"https:\/\/capoeiragent.com\/wp-content\/uploads\/2024\/08\/mvmf3935.jpg 1280w, https:\/\/capoeiragent.com\/wp-content\/uploads\/2024\/08\/mvmf3935-200x300.jpg 200w, https:\/\/capoeiragent.com\/wp-content\/uploads\/2024\/08\/mvmf3935-683x1024.jpg 683w, https:\/\/capoeiragent.com\/wp-content\/uploads\/2024\/08\/mvmf3935-768x1152.jpg 768w, https:\/\/capoeiragent.com\/wp-content\/uploads\/2024\/08\/mvmf3935-1024x1536.jpg 1024w\" sizes=\"auto, (max-width: 1280px) 100vw, 1280px\" \/><\/figure>\n<\/div>\n\n\n\n<div class=\"wp-block-column is-layout-flow wp-block-column-is-layout-flow\">\n<figure class=\"wp-block-image size-full\"><img loading=\"lazy\" decoding=\"async\" width=\"2560\" height=\"1706\" src=\"https:\/\/capoeiragent.com\/wp-content\/uploads\/2025\/05\/DSC07291-scaled.jpg\" alt=\"\" class=\"wp-image-1081\" style=\"aspect-ratio:4\/3;object-fit:cover\" srcset=\"https:\/\/capoeiragent.com\/wp-content\/uploads\/2025\/05\/DSC07291-scaled.jpg 2560w, https:\/\/capoeiragent.com\/wp-content\/uploads\/2025\/05\/DSC07291-300x200.jpg 300w, https:\/\/capoeiragent.com\/wp-content\/uploads\/2025\/05\/DSC07291-1024x683.jpg 1024w, https:\/\/capoeiragent.com\/wp-content\/uploads\/2025\/05\/DSC07291-768x512.jpg 768w, https:\/\/capoeiragent.com\/wp-content\/uploads\/2025\/05\/DSC07291-1536x1024.jpg 1536w, https:\/\/capoeiragent.com\/wp-content\/uploads\/2025\/05\/DSC07291-2048x1365.jpg 2048w, https:\/\/capoeiragent.com\/wp-content\/uploads\/2025\/05\/DSC07291-1080x720.jpg 1080w\" sizes=\"auto, (max-width: 2560px) 100vw, 2560px\" \/><\/figure>\n<\/div>\n<\/div>\n\n\n\n<div style=\"height:var(--wp--preset--spacing--10)\" aria-hidden=\"true\" class=\"wp-block-spacer\"><\/div>\n\n\n\n<figure class=\"wp-block-pullquote alignwide\"><blockquote><p>Wij geloven echt dat capoeira een sport is voor iedereen:<br>jong of oud, fit of net niet, stram of lenig\u2026 <br>Je bent welkom om te ontdekken wat capoeira voor jou kan betekenen.&nbsp;<\/p><\/blockquote><\/figure>\n\n\n\n<div style=\"height:var(--wp--preset--spacing--40)\" aria-hidden=\"true\" class=\"wp-block-spacer\"><\/div>\n\n\n\n<h2 class=\"wp-block-heading has-text-align-center\">Trainers<\/h2>\n\n\n\n<div style=\"height:var(--wp--preset--spacing--30)\" aria-hidden=\"true\" class=\"wp-block-spacer\"><\/div>\n\n\n\n<div class=\"wp-block-columns alignwide is-layout-flex wp-container-core-columns-is-layout-ea1c9e2a wp-block-columns-is-layout-flex\">\n<div class=\"wp-block-column is-layout-flow wp-block-column-is-layout-flow\">\n<figure class=\"wp-block-image size-full is-style-rounded\"><img loading=\"lazy\" decoding=\"async\" width=\"1333\" height=\"2000\" src=\"https:\/\/capoeiragent.com\/wp-content\/uploads\/2025\/06\/MVMF3926.jpg\" alt=\"\" class=\"wp-image-1096\" style=\"aspect-ratio:1;object-fit:cover\" srcset=\"https:\/\/capoeiragent.com\/wp-content\/uploads\/2025\/06\/MVMF3926.jpg 1333w, https:\/\/capoeiragent.com\/wp-content\/uploads\/2025\/06\/MVMF3926-200x300.jpg 200w, https:\/\/capoeiragent.com\/wp-content\/uploads\/2025\/06\/MVMF3926-682x1024.jpg 682w, https:\/\/capoeiragent.com\/wp-content\/uploads\/2025\/06\/MVMF3926-768x1152.jpg 768w, https:\/\/capoeiragent.com\/wp-content\/uploads\/2025\/06\/MVMF3926-1024x1536.jpg 1024w, https:\/\/capoeiragent.com\/wp-content\/uploads\/2025\/06\/MVMF3926-1080x1620.jpg 1080w\" sizes=\"auto, (max-width: 1333px) 100vw, 1333px\" \/><\/figure>\n\n\n\n<h3 class=\"wp-block-heading has-text-align-center has-medium-font-size\">Mestre Sabia<\/h3>\n<\/div>\n\n\n\n<div class=\"wp-block-column is-layout-flow wp-block-column-is-layout-flow\">\n<figure class=\"wp-block-image size-full is-style-rounded\"><img loading=\"lazy\" decoding=\"async\" width=\"1672\" height=\"1920\" src=\"https:\/\/capoeiragent.com\/wp-content\/uploads\/2025\/06\/MVMF5739.jpg\" alt=\"\" class=\"wp-image-1097\" style=\"aspect-ratio:1;object-fit:cover\" srcset=\"https:\/\/capoeiragent.com\/wp-content\/uploads\/2025\/06\/MVMF5739.jpg 1672w, https:\/\/capoeiragent.com\/wp-content\/uploads\/2025\/06\/MVMF5739-261x300.jpg 261w, https:\/\/capoeiragent.com\/wp-content\/uploads\/2025\/06\/MVMF5739-892x1024.jpg 892w, https:\/\/capoeiragent.com\/wp-content\/uploads\/2025\/06\/MVMF5739-768x882.jpg 768w, https:\/\/capoeiragent.com\/wp-content\/uploads\/2025\/06\/MVMF5739-1338x1536.jpg 1338w, https:\/\/capoeiragent.com\/wp-content\/uploads\/2025\/06\/MVMF5739-1080x1240.jpg 1080w\" sizes=\"auto, (max-width: 1672px) 100vw, 1672px\" \/><\/figure>\n\n\n\n<h3 class=\"wp-block-heading has-text-align-center has-medium-font-size\">Duracell<\/h3>\n<\/div>\n\n\n\n<div class=\"wp-block-column is-layout-flow wp-block-column-is-layout-flow\">\n<figure class=\"wp-block-image size-full is-style-rounded\"><img loading=\"lazy\" decoding=\"async\" width=\"905\" height=\"1040\" src=\"https:\/\/capoeiragent.com\/wp-content\/uploads\/2025\/06\/MVMF9211-2.jpg\" alt=\"\" class=\"wp-image-1099\" style=\"aspect-ratio:1;object-fit:cover\" srcset=\"https:\/\/capoeiragent.com\/wp-content\/uploads\/2025\/06\/MVMF9211-2.jpg 905w, https:\/\/capoeiragent.com\/wp-content\/uploads\/2025\/06\/MVMF9211-2-261x300.jpg 261w, https:\/\/capoeiragent.com\/wp-content\/uploads\/2025\/06\/MVMF9211-2-891x1024.jpg 891w, https:\/\/capoeiragent.com\/wp-content\/uploads\/2025\/06\/MVMF9211-2-768x883.jpg 768w\" sizes=\"auto, (max-width: 905px) 100vw, 905px\" \/><\/figure>\n\n\n\n<h3 class=\"wp-block-heading has-text-align-center has-medium-font-size\">Cutia<\/h3>\n<\/div>\n<\/div>\n\n\n\n<div style=\"height:var(--wp--preset--spacing--30)\" aria-hidden=\"true\" class=\"wp-block-spacer\"><\/div>\n\n\n\n<div class=\"wp-block-columns alignwide is-layout-flex wp-container-core-columns-is-layout-ea1c9e2a wp-block-columns-is-layout-flex\">\n<div class=\"wp-block-column is-layout-flow wp-block-column-is-layout-flow\">\n<figure class=\"wp-block-image size-full is-style-rounded\"><img loading=\"lazy\" decoding=\"async\" width=\"1920\" height=\"2021\" src=\"https:\/\/capoeiragent.com\/wp-content\/uploads\/2025\/06\/MVMF4454.jpg\" alt=\"\" class=\"wp-image-1100\" style=\"aspect-ratio:1;object-fit:cover\" srcset=\"https:\/\/capoeiragent.com\/wp-content\/uploads\/2025\/06\/MVMF4454.jpg 1920w, https:\/\/capoeiragent.com\/wp-content\/uploads\/2025\/06\/MVMF4454-285x300.jpg 285w, https:\/\/capoeiragent.com\/wp-content\/uploads\/2025\/06\/MVMF4454-973x1024.jpg 973w, https:\/\/capoeiragent.com\/wp-content\/uploads\/2025\/06\/MVMF4454-768x808.jpg 768w, https:\/\/capoeiragent.com\/wp-content\/uploads\/2025\/06\/MVMF4454-1459x1536.jpg 1459w, https:\/\/capoeiragent.com\/wp-content\/uploads\/2025\/06\/MVMF4454-1080x1137.jpg 1080w\" sizes=\"auto, (max-width: 1920px) 100vw, 1920px\" \/><\/figure>\n\n\n\n<h3 class=\"wp-block-heading has-text-align-center has-medium-font-size\">Caribu<\/h3>\n<\/div>\n\n\n\n<div class=\"wp-block-column is-layout-flow wp-block-column-is-layout-flow\">\n<figure class=\"wp-block-image size-full is-style-rounded\"><img loading=\"lazy\" decoding=\"async\" width=\"1333\" height=\"2000\" src=\"https:\/\/capoeiragent.com\/wp-content\/uploads\/2025\/06\/MVMF5606.jpg\" alt=\"\" class=\"wp-image-1101\" style=\"aspect-ratio:1;object-fit:cover\" srcset=\"https:\/\/capoeiragent.com\/wp-content\/uploads\/2025\/06\/MVMF5606.jpg 1333w, https:\/\/capoeiragent.com\/wp-content\/uploads\/2025\/06\/MVMF5606-200x300.jpg 200w, https:\/\/capoeiragent.com\/wp-content\/uploads\/2025\/06\/MVMF5606-682x1024.jpg 682w, https:\/\/capoeiragent.com\/wp-content\/uploads\/2025\/06\/MVMF5606-768x1152.jpg 768w, https:\/\/capoeiragent.com\/wp-content\/uploads\/2025\/06\/MVMF5606-1024x1536.jpg 1024w, https:\/\/capoeiragent.com\/wp-content\/uploads\/2025\/06\/MVMF5606-1080x1620.jpg 1080w\" sizes=\"auto, (max-width: 1333px) 100vw, 1333px\" \/><\/figure>\n\n\n\n<h3 class=\"wp-block-heading has-text-align-center has-medium-font-size\">Pin\u00f3quio<\/h3>\n<\/div>\n\n\n\n<div class=\"wp-block-column is-layout-flow wp-block-column-is-layout-flow\">\n<figure class=\"wp-block-image size-full is-style-rounded\"><img loading=\"lazy\" decoding=\"async\" width=\"1080\" height=\"1256\" src=\"https:\/\/capoeiragent.com\/wp-content\/uploads\/2024\/08\/mvmf6888.jpg\" alt=\"\" class=\"wp-image-681\" style=\"aspect-ratio:1;object-fit:cover\" srcset=\"https:\/\/capoeiragent.com\/wp-content\/uploads\/2024\/08\/mvmf6888.jpg 1080w, https:\/\/capoeiragent.com\/wp-content\/uploads\/2024\/08\/mvmf6888-258x300.jpg 258w, https:\/\/capoeiragent.com\/wp-content\/uploads\/2024\/08\/mvmf6888-881x1024.jpg 881w, https:\/\/capoeiragent.com\/wp-content\/uploads\/2024\/08\/mvmf6888-768x893.jpg 768w\" sizes=\"auto, (max-width: 1080px) 100vw, 1080px\" \/><\/figure>\n\n\n\n<h3 class=\"wp-block-heading has-text-align-center has-medium-font-size\"><strong>Abobora<\/strong><\/h3>\n<\/div>\n<\/div>\n\n\n\n<div style=\"height:var(--wp--preset--spacing--40)\" aria-hidden=\"true\" class=\"wp-block-spacer\"><\/div>\n\n\n\n<div class=\"wp-block-columns alignwide are-vertically-aligned-top is-layout-flex wp-container-core-columns-is-layout-9d6595d7 wp-block-columns-is-layout-flex\">\n<div class=\"wp-block-column is-layout-flow wp-block-column-is-layout-flow\" style=\"flex-basis:40%\"><div class=\"wp-block-image\">\n<figure class=\"alignright is-resized\"><img loading=\"lazy\" decoding=\"async\" width=\"1024\" height=\"985\" src=\"https:\/\/capoeiragent.com\/wp-content\/uploads\/2025\/08\/WhatsApp-Image-2025-08-28-at-11.19.39-1024x985.jpeg\" alt=\"\" class=\"wp-image-1158\" style=\"width:426px;height:auto\" srcset=\"https:\/\/capoeiragent.com\/wp-content\/uploads\/2025\/08\/WhatsApp-Image-2025-08-28-at-11.19.39-1024x985.jpeg 1024w, https:\/\/capoeiragent.com\/wp-content\/uploads\/2025\/08\/WhatsApp-Image-2025-08-28-at-11.19.39-300x289.jpeg 300w, https:\/\/capoeiragent.com\/wp-content\/uploads\/2025\/08\/WhatsApp-Image-2025-08-28-at-11.19.39-768x739.jpeg 768w, https:\/\/capoeiragent.com\/wp-content\/uploads\/2025\/08\/WhatsApp-Image-2025-08-28-at-11.19.39-1080x1039.jpeg 1080w, https:\/\/capoeiragent.com\/wp-content\/uploads\/2025\/08\/WhatsApp-Image-2025-08-28-at-11.19.39.jpeg 1130w\" sizes=\"auto, (max-width: 1024px) 100vw, 1024px\" \/><\/figure>\n<\/div><\/div>\n\n\n\n<div class=\"wp-block-column is-layout-flow wp-block-column-is-layout-flow\" style=\"flex-basis:60%\">\n<h2 class=\"wp-block-heading\">Aanspreekpersoon Integriteit<\/h2>\n\n\n\n<p>Mijn naam is Tonia (Harpia). <br>Ik ben de <strong>Aanspreekpersoon Integriteit (Club-API)<\/strong> van sportclub Ginga Mundo B\u00e9lgica. Jij: sporter, ouder, trainer, bestuurder of andere vrijwilliger van onze sportclub kan bij mij als Club-API terecht met een vraag, vermoeden of klacht over <strong>grensoverschrijdend gedrag.<\/strong><\/p>\n\n\n\n<p>Heb je te maken met een situatie van grensoverschrijdend gedrag zoals <strong>psychisch, fysiek, seksueel grensoverschrijdend gedrag, pesten, geweld, discriminatie, chantage\u2026? <\/strong>Merk je tijdens je sportactiviteiten dat er handelingen gebeuren die niet aanvaardbaar zijn?<\/p>\n\n\n\n<p>Je kan me een mailtje sturen op tonia.kiadi@yahoo.com of sms\u2019n\/Whatsapp\u2019en op 0478 218 718. Ik ben meestal aanwezig tijdens de trainingen en dan kan je mij persoonlijk aanspreken.<\/p>\n\n\n\n<p>Als Club-API luister ik naar je vraag of verhaal, behandel jouw melding in alle discretie en verleen ik je advies bij de mogelijke vervolgstappen of doorverwijzing.<\/p>\n<\/div>\n<\/div>\n\n\n\n<p><\/p>\n","protected":false},"excerpt":{"rendered":"<p>Oorsprong Ginga Mundo werd opgericht door Mestre Sab\u00eda en heeft filialen in Brazili\u00eb, de Verenigde Staten, Frankrijk, Duitsland, Spanje, Tsjechi\u00eb, Portugal en Belgi\u00eb Wij geloven echt dat capoeira een sport is voor iedereen:jong of oud, fit of net niet, stram of lenig\u2026 Je bent welkom om te ontdekken wat capoeira voor jou kan betekenen.&nbsp; Trainers &hellip; <a href=\"https:\/\/capoeiragent.com\/?page_id=426\" class=\"more-link\">Continue reading <span class=\"screen-reader-text\">Wie zijn wij?<\/span><\/a><\/p>\n","protected":false},"author":1,"featured_media":974,"parent":0,"menu_order":0,"comment_status":"closed","ping_status":"closed","template":"templates\/full-width-page.php","meta":{"footnotes":""},"tags":[5],"class_list":["post-426","page","type-page","status-publish","has-post-thumbnail","hentry","tag-featured"],"jetpack_sharing_enabled":true,"_links":{"self":[{"href":"https:\/\/capoeiragent.com\/index.php?rest_route=\/wp\/v2\/pages\/426","targetHints":{"allow":["GET"]}}],"collection":[{"href":"https:\/\/capoeiragent.com\/index.php?rest_route=\/wp\/v2\/pages"}],"about":[{"href":"https:\/\/capoeiragent.com\/index.php?rest_route=\/wp\/v2\/types\/page"}],"author":[{"embeddable":true,"href":"https:\/\/capoeiragent.com\/index.php?rest_route=\/wp\/v2\/users\/1"}],"replies":[{"embeddable":true,"href":"https:\/\/capoeiragent.com\/index.php?rest_route=%2Fwp%2Fv2%2Fcomments&post=426"}],"version-history":[{"count":14,"href":"https:\/\/capoeiragent.com\/index.php?rest_route=\/wp\/v2\/pages\/426\/revisions"}],"predecessor-version":[{"id":1182,"href":"https:\/\/capoeiragent.com\/index.php?rest_route=\/wp\/v2\/pages\/426\/revisions\/1182"}],"wp:featuredmedia":[{"embeddable":true,"href":"https:\/\/capoeiragent.com\/index.php?rest_route=\/wp\/v2\/media\/974"}],"wp:attachment":[{"href":"https:\/\/capoeiragent.com\/index.php?rest_route=%2Fwp%2Fv2%2Fmedia&parent=426"}],"wp:term":[{"taxonomy":"post_tag","embeddable":true,"href":"https:\/\/capoeiragent.com\/index.php?rest_route=%2Fwp%2Fv2%2Ftags&post=426"}],"curies":[{"name":"wp","href":"https:\/\/api.w.org\/{rel}","templated":true}]}}