{"id":1021,"date":"2025-05-19T12:43:34","date_gmt":"2025-05-19T10:43:34","guid":{"rendered":"https:\/\/capoeiragent.com\/?page_id=1021"},"modified":"2025-06-18T17:56:16","modified_gmt":"2025-06-18T15:56:16","slug":"contact-br","status":"publish","type":"page","link":"https:\/\/capoeiragent.com\/?page_id=1021&lang=pt","title":{"rendered":"Contact BR"},"content":{"rendered":"\n<p>Quer experimentar uma aula? N\u00e3o tem certeza se capoeira \u00e9 para voc\u00ea? Sinta-se \u00e0 vontade para aparecer em nosso treino! <strong>As duas primeiras aulas s\u00e3o gratuitas<\/strong>. Voc\u00ea pode simplesmente vir a uma dos treinos ou entrar em contato se tiver alguma d\u00favida. Parte do treinamento \u00e9 dedicada a iniciantes, para que voc\u00ea possa construir uma base s\u00f3lida.<\/p>\n\n\n\n<p><a href=\"mailto:forca.gingamundo@gmail.com\">forca.gingamundo@gmail.com<\/a><\/p>\n\n\n\n<p><a href=\"https:\/\/www.facebook.com\/profile.php?id=100089494022435\" target=\"_blank\" rel=\"noreferrer noopener\">Nossa p\u00e1gina no Facebook<\/a><\/p>\n\n\n\n<h2 class=\"wp-block-heading\">Jonathan Jacops<\/h2>\n\n\n\n<p>\u202d+32 473 94 29 68\u202c<\/p>\n\n\n\n<h2 class=\"wp-block-heading\">Lotte Clijsters&nbsp;<\/h2>\n\n\n\n<p>\u202a+32&nbsp;495&nbsp;78&nbsp;29&nbsp;32\u202c<\/p>\n\n\n\n<h2 class=\"wp-block-heading\">Caribu (treinador in Assenede)<\/h2>\n\n\n\n<p><a href=\"https:\/\/www.instagram.com\/caribu_gingamundo\/?hl=en\" target=\"_blank\" rel=\"noreferrer noopener\">Instagram<\/a><\/p>\n\n\n\n<p><\/p>\n","protected":false},"excerpt":{"rendered":"<p>Quer experimentar uma aula? N\u00e3o tem certeza se capoeira \u00e9 para voc\u00ea? Sinta-se \u00e0 vontade para aparecer em nosso treino! As duas primeiras aulas s\u00e3o gratuitas. Voc\u00ea pode simplesmente vir a uma dos treinos ou entrar em contato se tiver alguma d\u00favida. Parte do treinamento \u00e9 dedicada a iniciantes, para que voc\u00ea possa construir uma &hellip; <a href=\"https:\/\/capoeiragent.com\/?page_id=1021&#038;lang=pt\" class=\"more-link\">Continue reading <span class=\"screen-reader-text\">Contact BR<\/span><\/a><\/p>\n","protected":false},"author":1,"featured_media":0,"parent":0,"menu_order":0,"comment_status":"closed","ping_status":"closed","template":"","meta":{"footnotes":""},"tags":[],"class_list":["post-1021","page","type-page","status-publish","hentry","no-featured-image"],"jetpack_sharing_enabled":true,"_links":{"self":[{"href":"https:\/\/capoeiragent.com\/index.php?rest_route=\/wp\/v2\/pages\/1021","targetHints":{"allow":["GET"]}}],"collection":[{"href":"https:\/\/capoeiragent.com\/index.php?rest_route=\/wp\/v2\/pages"}],"about":[{"href":"https:\/\/capoeiragent.com\/index.php?rest_route=\/wp\/v2\/types\/page"}],"author":[{"embeddable":true,"href":"https:\/\/capoeiragent.com\/index.php?rest_route=\/wp\/v2\/users\/1"}],"replies":[{"embeddable":true,"href":"https:\/\/capoeiragent.com\/index.php?rest_route=%2Fwp%2Fv2%2Fcomments&post=1021"}],"version-history":[{"count":2,"href":"https:\/\/capoeiragent.com\/index.php?rest_route=\/wp\/v2\/pages\/1021\/revisions"}],"predecessor-version":[{"id":1134,"href":"https:\/\/capoeiragent.com\/index.php?rest_route=\/wp\/v2\/pages\/1021\/revisions\/1134"}],"wp:attachment":[{"href":"https:\/\/capoeiragent.com\/index.php?rest_route=%2Fwp%2Fv2%2Fmedia&parent=1021"}],"wp:term":[{"taxonomy":"post_tag","embeddable":true,"href":"https:\/\/capoeiragent.com\/index.php?rest_route=%2Fwp%2Fv2%2Ftags&post=1021"}],"curies":[{"name":"wp","href":"https:\/\/api.w.org\/{rel}","templated":true}]}}