{"id":1019,"date":"2025-05-19T12:42:23","date_gmt":"2025-05-19T10:42:23","guid":{"rendered":"https:\/\/capoeiragent.com\/?page_id=1019"},"modified":"2026-03-20T10:52:27","modified_gmt":"2026-03-20T09:52:27","slug":"aulas","status":"publish","type":"page","link":"https:\/\/capoeiragent.com\/?page_id=1019&lang=pt","title":{"rendered":"Aulas"},"content":{"rendered":"\n<p class=\"has-text-align-left wp-container-content-663c14dd\"><strong>Quer experimentar uma aula?<\/strong> N\u00e3o tem certeza se capoeira \u00e9 para voc\u00ea? Sinta-se \u00e0 vontade para aparecer em nosso treino! <strong>As duas primeiras aulas s\u00e3o gratuitas.<\/strong> Voc\u00ea pode simplesmente vir a um dos treinos ou entrar em contato se tiver alguma d\u00favida. Parte do treinamento \u00e9 dedicada a iniciantes, para que voc\u00ea possa construir uma base s\u00f3lida.<br>Ginga Mundo B\u00e9lgica tem duas filiais: uma em <strong>Ghent<\/strong> e outra em <strong>Assenede<\/strong><\/p>\n\n\n\n<div class=\"wp-block-cover alignfull\" style=\"margin-top:0;margin-bottom:0;padding-top:var(--wp--preset--spacing--20);padding-right:var(--wp--preset--spacing--40);padding-bottom:var(--wp--preset--spacing--20);padding-left:var(--wp--preset--spacing--40)\"><img loading=\"lazy\" decoding=\"async\" width=\"2560\" height=\"1706\" class=\"wp-block-cover__image-background wp-image-974 size-full\" alt=\"\" src=\"https:\/\/capoeiragent.com\/wp-content\/uploads\/2025\/05\/DSC07337LR2-scaled.jpg\" data-object-fit=\"cover\" srcset=\"https:\/\/capoeiragent.com\/wp-content\/uploads\/2025\/05\/DSC07337LR2-scaled.jpg 2560w, https:\/\/capoeiragent.com\/wp-content\/uploads\/2025\/05\/DSC07337LR2-300x200.jpg 300w, https:\/\/capoeiragent.com\/wp-content\/uploads\/2025\/05\/DSC07337LR2-1024x683.jpg 1024w, https:\/\/capoeiragent.com\/wp-content\/uploads\/2025\/05\/DSC07337LR2-768x512.jpg 768w, https:\/\/capoeiragent.com\/wp-content\/uploads\/2025\/05\/DSC07337LR2-1536x1024.jpg 1536w, https:\/\/capoeiragent.com\/wp-content\/uploads\/2025\/05\/DSC07337LR2-2048x1365.jpg 2048w, https:\/\/capoeiragent.com\/wp-content\/uploads\/2025\/05\/DSC07337LR2-1080x720.jpg 1080w\" sizes=\"auto, (max-width: 2560px) 100vw, 2560px\" \/><span aria-hidden=\"true\" class=\"wp-block-cover__background has-theme-1-background-color has-background-dim-30 has-background-dim\"><\/span><div class=\"wp-block-cover__inner-container is-layout-flow wp-block-cover-is-layout-flow\">\n<p class=\"has-text-align-center has-large-font-size\"><\/p>\n<\/div><\/div>\n\n\n\n<div style=\"height:19px\" aria-hidden=\"true\" class=\"wp-block-spacer\"><\/div>\n\n\n\n<h2 class=\"wp-block-heading alignwide has-text-align-center\">Hor\u00e1rio das aulas em Ghent<\/h2>\n\n\n\n<p class=\"has-text-align-center\">Excepcionalmente, n\u00e3o haver\u00e1 treino no s\u00e1bado, 4 de abril de 2026<\/p>\n\n\n\n<div style=\"height:21px\" aria-hidden=\"true\" class=\"wp-block-spacer\"><\/div>\n\n\n\n<div class=\"wp-block-columns alignwide is-layout-flex wp-container-core-columns-is-layout-9d6595d7 wp-block-columns-is-layout-flex\">\n<div class=\"wp-block-column is-layout-flow wp-block-column-is-layout-flow\" style=\"padding-top:var(--wp--preset--spacing--10);padding-right:var(--wp--preset--spacing--10);padding-bottom:var(--wp--preset--spacing--10);padding-left:var(--wp--preset--spacing--10)\">\n<h3 class=\"wp-block-heading\">Adultos (a partir de 13 anos)<\/h3>\n\n\n\n<p class=\"has-text-align-left is-testimonial-review\"><strong>Quinta-feira das 19h30 \u00e0s 21h30<\/strong><br>Jenaplanschool De Feniks<br>Bevrijdingslaan 63, 9000 Gent<\/p>\n\n\n\n<p class=\"has-text-align-left is-testimonial-review\"><strong>S\u00e1bado das 10h30 \u00e0s 12h<br><\/strong>HOGENT campus Schoonmeersen (turnzaal)<br>Sint-Denijslaan 251, 9000 Gent<\/p>\n<\/div>\n\n\n\n<div class=\"wp-block-column is-layout-flow wp-block-column-is-layout-flow\" style=\"padding-top:var(--wp--preset--spacing--10);padding-right:var(--wp--preset--spacing--10);padding-bottom:var(--wp--preset--spacing--10);padding-left:var(--wp--preset--spacing--10)\">\n<h3 class=\"wp-block-heading\"><strong>Crian\u00e7as (6 a 12 anos)<\/strong><\/h3>\n\n\n\n<p class=\"has-text-align-left is-testimonial-review\"><em>Infelizmente, as aulas para crian\u00e7as est\u00e3o lotadas para este ano letivo.<\/em><br><strong>S\u00e1bado das 10h30 \u00e0s 12h<br><\/strong>HOGENT campus Schoonmeersen (turnzaal)<br>Sint-Denijslaan 251, 9000 Gent<\/p>\n<\/div>\n<\/div>\n\n\n\n<figure class=\"wp-block-pullquote alignwide\"><blockquote><p>Acreditamos de verdade que a capoeira \u00e9 um esporte para todos \u2014 jovens ou idosos, em forma ou n\u00e3o, r\u00edgidos ou flex\u00edveis\u2026 Voc\u00ea \u00e9 bem-vindo para descobrir o que a capoeira pode significar para voc\u00ea.<br><strong>Mestre Sabi\u00e1<\/strong><\/p><\/blockquote><\/figure>\n\n\n\n<div class=\"wp-block-columns alignwide are-vertically-aligned-center is-layout-flex wp-container-core-columns-is-layout-9d6595d7 wp-block-columns-is-layout-flex\">\n<div class=\"wp-block-column is-vertically-aligned-center is-layout-flow wp-block-column-is-layout-flow\">\n<figure class=\"wp-block-image size-full\"><img loading=\"lazy\" decoding=\"async\" width=\"1000\" height=\"1500\" src=\"https:\/\/capoeiragent.com\/wp-content\/uploads\/2024\/08\/mvmf4309.jpg\" alt=\"\" class=\"wp-image-510\" style=\"aspect-ratio:3\/4;object-fit:cover\" srcset=\"https:\/\/capoeiragent.com\/wp-content\/uploads\/2024\/08\/mvmf4309.jpg 1000w, https:\/\/capoeiragent.com\/wp-content\/uploads\/2024\/08\/mvmf4309-200x300.jpg 200w, https:\/\/capoeiragent.com\/wp-content\/uploads\/2024\/08\/mvmf4309-683x1024.jpg 683w, https:\/\/capoeiragent.com\/wp-content\/uploads\/2024\/08\/mvmf4309-768x1152.jpg 768w\" sizes=\"auto, (max-width: 1000px) 100vw, 1000px\" \/><\/figure>\n<\/div>\n\n\n\n<div class=\"wp-block-column is-vertically-aligned-center is-layout-flow wp-block-column-is-layout-flow\">\n<h2 class=\"wp-block-heading has-xx-large-font-size\">Pre\u00e7os<\/h2>\n\n\n\n<p>Duas aulas experimentais gratuitas.<br><br>Assinatura anual (adultos e crian\u00e7as) = <strong>\u20ac200<\/strong><br>A assinatura anual come\u00e7a em setembro.<br>Para o segundo filho, o valor \u00e9 <strong>\u20ac150<\/strong><br><br>Cart\u00e3o de 10 aulas = <strong>\u20ac100<\/strong><br>Aula avulsa = <strong>\u20ac12,5<\/strong><br><br><a href=\"https:\/\/www.uitpas.be\/\">Com UitPAS em tarifa reduzida:<\/a><br>Assinatura anual (adultos e crian\u00e7as) = <strong>\u20ac40<\/strong><br>Cart\u00e3o de 10 aulas = <strong>\u20ac20<\/strong><\/p>\n\n\n\n<p>Os pagamentos podem ser feitos para a conta: <br>BE60 9734 1603 6670<br><\/p>\n<\/div>\n<\/div>\n\n\n\n<div style=\"height:var(--wp--preset--spacing--50)\" aria-hidden=\"true\" class=\"wp-block-spacer\"><\/div>\n\n\n\n<div style=\"height:calc( 0.25 * var(--wp--style--root--padding-right, var(--wp--custom--gap--horizontal)))\" aria-hidden=\"true\" class=\"wp-block-spacer\"><\/div>\n\n\n\n<figure class=\"wp-block-gallery alignfull has-nested-images columns-3 is-cropped wp-block-gallery-1 is-layout-flex wp-block-gallery-is-layout-flex\">\n<figure class=\"wp-block-image size-full\"><img loading=\"lazy\" decoding=\"async\" width=\"2000\" height=\"1333\" data-id=\"472\" src=\"https:\/\/capoeiragent.com\/wp-content\/uploads\/2024\/08\/mvmf6148.jpg\" alt=\"\" class=\"wp-image-472\" srcset=\"https:\/\/capoeiragent.com\/wp-content\/uploads\/2024\/08\/mvmf6148.jpg 2000w, https:\/\/capoeiragent.com\/wp-content\/uploads\/2024\/08\/mvmf6148-300x200.jpg 300w, https:\/\/capoeiragent.com\/wp-content\/uploads\/2024\/08\/mvmf6148-1024x682.jpg 1024w, https:\/\/capoeiragent.com\/wp-content\/uploads\/2024\/08\/mvmf6148-768x512.jpg 768w, https:\/\/capoeiragent.com\/wp-content\/uploads\/2024\/08\/mvmf6148-1536x1024.jpg 1536w\" sizes=\"auto, (max-width: 2000px) 100vw, 2000px\" \/><\/figure>\n\n\n\n<figure class=\"wp-block-image size-full\"><img loading=\"lazy\" decoding=\"async\" width=\"2000\" height=\"1333\" data-id=\"468\" src=\"https:\/\/capoeiragent.com\/wp-content\/uploads\/2024\/08\/mvmf8384-1.jpg\" alt=\"\" class=\"wp-image-468\" srcset=\"https:\/\/capoeiragent.com\/wp-content\/uploads\/2024\/08\/mvmf8384-1.jpg 2000w, https:\/\/capoeiragent.com\/wp-content\/uploads\/2024\/08\/mvmf8384-1-300x200.jpg 300w, https:\/\/capoeiragent.com\/wp-content\/uploads\/2024\/08\/mvmf8384-1-1024x682.jpg 1024w, https:\/\/capoeiragent.com\/wp-content\/uploads\/2024\/08\/mvmf8384-1-768x512.jpg 768w, https:\/\/capoeiragent.com\/wp-content\/uploads\/2024\/08\/mvmf8384-1-1536x1024.jpg 1536w, https:\/\/capoeiragent.com\/wp-content\/uploads\/2024\/08\/mvmf8384-1-1080x720.jpg 1080w\" sizes=\"auto, (max-width: 2000px) 100vw, 2000px\" \/><\/figure>\n\n\n\n<figure class=\"wp-block-image size-full\"><img loading=\"lazy\" decoding=\"async\" width=\"1333\" height=\"2000\" data-id=\"458\" src=\"https:\/\/capoeiragent.com\/wp-content\/uploads\/2024\/08\/mvmf3922.jpg\" alt=\"\" class=\"wp-image-458\" srcset=\"https:\/\/capoeiragent.com\/wp-content\/uploads\/2024\/08\/mvmf3922.jpg 1333w, https:\/\/capoeiragent.com\/wp-content\/uploads\/2024\/08\/mvmf3922-200x300.jpg 200w, https:\/\/capoeiragent.com\/wp-content\/uploads\/2024\/08\/mvmf3922-682x1024.jpg 682w, https:\/\/capoeiragent.com\/wp-content\/uploads\/2024\/08\/mvmf3922-768x1152.jpg 768w, https:\/\/capoeiragent.com\/wp-content\/uploads\/2024\/08\/mvmf3922-1024x1536.jpg 1024w\" sizes=\"auto, (max-width: 1333px) 100vw, 1333px\" \/><\/figure>\n<\/figure>\n\n\n\n<div style=\"height:calc( 0.25 * var(--wp--style--root--padding-right, var(--wp--custom--gap--horizontal)))\" aria-hidden=\"true\" class=\"wp-block-spacer\"><\/div>\n\n\n\n<h2 class=\"wp-block-heading alignwide has-text-align-center\">Hor\u00e1rio das aulas em Assenede<\/h2>\n\n\n\n<p class=\"has-text-align-center\">Para mais informa\u00e7\u00f5es sobre as aulas em Assenede,<br>sinta-se \u00e0 vontade para contatar o treinador Caribu: +32 485 03 48 5656<\/p>\n\n\n\n<h3 class=\"wp-block-heading has-text-align-center\">Adultos (a partir de 13 anos) e crian\u00e7as (a partir de 6 anos)<\/h3>\n\n\n\n<p class=\"has-text-align-center is-testimonial-review\"><strong>S\u00e1bado das 10h30 \u00e0s 12h00<br><\/strong>Leegstraat 17 ooievaarsnest<\/p>\n\n\n\n<div style=\"height:21px\" aria-hidden=\"true\" class=\"wp-block-spacer\"><\/div>\n\n\n\n<div style=\"height:var(--wp--preset--spacing--50)\" aria-hidden=\"true\" class=\"wp-block-spacer\"><\/div>\n","protected":false},"excerpt":{"rendered":"<p>Quer experimentar uma aula? N\u00e3o tem certeza se capoeira \u00e9 para voc\u00ea? Sinta-se \u00e0 vontade para aparecer em nosso treino! As duas primeiras aulas s\u00e3o gratuitas. Voc\u00ea pode simplesmente vir a um dos treinos ou entrar em contato se tiver alguma d\u00favida. Parte do treinamento \u00e9 dedicada a iniciantes, para que voc\u00ea possa construir uma &hellip; <a href=\"https:\/\/capoeiragent.com\/?page_id=1019&#038;lang=pt\" class=\"more-link\">Continue reading <span class=\"screen-reader-text\">Aulas<\/span><\/a><\/p>\n","protected":false},"author":1,"featured_media":977,"parent":0,"menu_order":0,"comment_status":"closed","ping_status":"closed","template":"templates\/full-width-page.php","meta":{"footnotes":""},"tags":[],"class_list":["post-1019","page","type-page","status-publish","has-post-thumbnail","hentry"],"jetpack_sharing_enabled":true,"_links":{"self":[{"href":"https:\/\/capoeiragent.com\/index.php?rest_route=\/wp\/v2\/pages\/1019","targetHints":{"allow":["GET"]}}],"collection":[{"href":"https:\/\/capoeiragent.com\/index.php?rest_route=\/wp\/v2\/pages"}],"about":[{"href":"https:\/\/capoeiragent.com\/index.php?rest_route=\/wp\/v2\/types\/page"}],"author":[{"embeddable":true,"href":"https:\/\/capoeiragent.com\/index.php?rest_route=\/wp\/v2\/users\/1"}],"replies":[{"embeddable":true,"href":"https:\/\/capoeiragent.com\/index.php?rest_route=%2Fwp%2Fv2%2Fcomments&post=1019"}],"version-history":[{"count":22,"href":"https:\/\/capoeiragent.com\/index.php?rest_route=\/wp\/v2\/pages\/1019\/revisions"}],"predecessor-version":[{"id":1276,"href":"https:\/\/capoeiragent.com\/index.php?rest_route=\/wp\/v2\/pages\/1019\/revisions\/1276"}],"wp:featuredmedia":[{"embeddable":true,"href":"https:\/\/capoeiragent.com\/index.php?rest_route=\/wp\/v2\/media\/977"}],"wp:attachment":[{"href":"https:\/\/capoeiragent.com\/index.php?rest_route=%2Fwp%2Fv2%2Fmedia&parent=1019"}],"wp:term":[{"taxonomy":"post_tag","embeddable":true,"href":"https:\/\/capoeiragent.com\/index.php?rest_route=%2Fwp%2Fv2%2Ftags&post=1019"}],"curies":[{"name":"wp","href":"https:\/\/api.w.org\/{rel}","templated":true}]}}